{"id":21,"date":"2025-08-22T03:04:50","date_gmt":"2025-08-22T03:04:50","guid":{"rendered":"https:\/\/kidddpretty.svaomega.com\/?page_id=21"},"modified":"2026-03-26T13:07:56","modified_gmt":"2026-03-26T13:07:56","slug":"home","status":"publish","type":"page","link":"https:\/\/kidddpretty.svaomega.com\/","title":{"rendered":"Home"},"content":{"rendered":"<h2>Reconnecting Opportunities, Unlocking Potential<\/h2>\n<p>We help you bridge the gap and seize opportunities that were once missed. Whether it\u2019s reconnecting with clients, partners, or potential collaborations, we provide the tools and strategies to turn those missed chances into real success.<\/p>\n<p>\t\t\t\t\t\t\t\t<a href=\"https:\/\/kidddpretty.svaomega.com\/contact\/\"><br \/>\n\t\t\t\t\t\t\t\t\tReconnect Now<br \/>\n\t\t\t\t\t<\/a><\/p>\n<h2>Reconnecting Opportunities, Unlocking Potential<\/h2>\n<p>We help you bridge the gap and seize opportunities that were once missed. Whether it\u2019s reconnecting with clients, partners, or potential collaborations, we provide the tools and strategies to turn those missed chances into real success.<\/p>\n<p>\t\t\t\t\t\t\t\t<a href=\"https:\/\/kidddpretty.svaomega.com\/contact\/\"><br \/>\n\t\t\t\t\t\t\t\t\tReconnect Now<br \/>\n\t\t\t\t\t<\/a><\/p>\n<h2>Revise Publications<\/h2>\n<h2>Our Magazines<\/h2>\n<p>\t\t[dflip id=&#8221;312&#8243;][\/dflip]\t\t\t<\/p>\n<h2>MALIBU MINDSET<\/h2>\n<p>\t\t[dflip id=&#8221;310&#8243;][\/dflip]\t\t\t<\/p>\n<h2>HAPPY ANNIVERSARY<\/h2>\n<p>\t\t[dflip id=&#8221;308&#8243;][\/dflip]\t\t\t<\/p>\n<h2>Conceived Pilot<\/h2>\n<p>\t\t[dflip id=&#8221;306&#8243;][\/dflip]\t\t\t<\/p>\n<h2>KENNEL CLUB<\/h2>\n<h2>Quick Reads<\/h2>\n<h2>Lost Connections<\/h2>\n<p>Reignite the connections that slipped through the cracks. We help you reconnect with missed opportunities, whether it\u2019s past clients, forgotten collaborations, or untapped potential, turning what was once lost into future success.<\/p>\n<h2>The Rising Rivalry: Carlos Alcaraz vs. Jannik Sinner<\/h2>\n<p>An In-Depth Exploration of the Rapidly Growing Rivalry Between Carlos Alcaraz and Jannik Sinner: How These Two Tennis Prodigies are Defining the Future of the Sport, and What Their Intense Matches Mean for the Global Tennis Landscape<\/p>\n<p>We understand that the most valuable opportunities are often the ones that were overlooked. Our mission is to help you reconnect with these prospects\u2014whether by reviving past relationships, exploring untapped business potential, or discovering new ways to engage with your audience.<\/p>\n<p>\t\t\t\t\t\t\t\t<a href=\"https:\/\/kidddpretty.svaomega.com\/?page_id=25\"><br \/>\n\t\t\t\t\t\t\t\t\tMagazines<br \/>\n\t\t\t\t\t<\/a><br \/>\n\t\t\t\t\t\thttps:\/\/kidddpretty.svaomega.com\/wp-content\/uploads\/2025\/08\/0_Books_Shelf_1280x720.mp4\t\t\t<\/p>\n<h2>About Us<\/h2>\n<p>Lost Connections is dedicated to helping individuals and businesses reconnect with missed opportunities. We believe that sometimes, the most valuable prospects are the ones that slipped through the cracks. Our mission is to help you rediscover those connections\u2014whether it&#8217;s rekindling past relationships, revisiting previous business prospects, or finding new ways to engage with your audience.<\/p>\n<p>We recognize that sometimes, the most promising leads are the ones that slipped away unnoticed. Our mission is to reconnect you with those valuable prospects\u2014whether it\u2019s rebuilding old relationships, revisiting untapped business ventures, or finding fresh ways to engage with your target audience.<\/p>\n<p>\t\t\t\t\t\t\t\t<a href=\"https:\/\/kidddpretty.svaomega.com\/?page_id=23\"><br \/>\n\t\t\t\t\t\t\t\t\tAbout more<br \/>\n\t\t\t\t\t<\/a><br \/>\n\t\t\t\t\t\t\t<a href=\"https:\/\/kidddpretty.svaomega.com\/wp-content\/uploads\/2025\/08\/download-10.png\" data-elementor-open-lightbox=\"yes\" data-elementor-lightbox-slideshow=\"4b90fb6\" data-elementor-lightbox-title=\"download (10)\" data-e-action-hash=\"#elementor-action%3Aaction%3Dlightbox%26settings%3DeyJpZCI6NjY2LCJ1cmwiOiJodHRwczpcL1wva2lkZGRwcmV0dHkuc3Zhb21lZ2EuY29tXC93cC1jb250ZW50XC91cGxvYWRzXC8yMDI1XC8wOFwvZG93bmxvYWQtMTAucG5nIiwic2xpZGVzaG93IjoiNGI5MGZiNiJ9\"><br \/>\n\t\t\t\t\t\t\t\t\t\t\t\t\t\t<\/a><br \/>\n\t\t\t\t\t\t\t<a href=\"https:\/\/kidddpretty.svaomega.com\/wp-content\/uploads\/2025\/08\/download-13.png\" data-elementor-open-lightbox=\"yes\" data-elementor-lightbox-slideshow=\"4b90fb6\" data-elementor-lightbox-title=\"download (13)\" data-e-action-hash=\"#elementor-action%3Aaction%3Dlightbox%26settings%3DeyJpZCI6NjY1LCJ1cmwiOiJodHRwczpcL1wva2lkZGRwcmV0dHkuc3Zhb21lZ2EuY29tXC93cC1jb250ZW50XC91cGxvYWRzXC8yMDI1XC8wOFwvZG93bmxvYWQtMTMucG5nIiwic2xpZGVzaG93IjoiNGI5MGZiNiJ9\"><br \/>\n\t\t\t\t\t\t\t\t\t\t\t\t\t\t<\/a><br \/>\n\t\t\t\t\t\t\t<a href=\"https:\/\/kidddpretty.svaomega.com\/wp-content\/uploads\/2025\/08\/download-15.png\" data-elementor-open-lightbox=\"yes\" data-elementor-lightbox-slideshow=\"4b90fb6\" data-elementor-lightbox-title=\"download (15)\" data-e-action-hash=\"#elementor-action%3Aaction%3Dlightbox%26settings%3DeyJpZCI6NjczLCJ1cmwiOiJodHRwczpcL1wva2lkZGRwcmV0dHkuc3Zhb21lZ2EuY29tXC93cC1jb250ZW50XC91cGxvYWRzXC8yMDI1XC8wOFwvZG93bmxvYWQtMTUucG5nIiwic2xpZGVzaG93IjoiNGI5MGZiNiJ9\"><br \/>\n\t\t\t\t\t\t\t\t\t\t\t\t\t\t<\/a><br \/>\n\t\t\t\t\t\t\t<a href=\"https:\/\/kidddpretty.svaomega.com\/wp-content\/uploads\/2025\/08\/download-13-copyaa.png\" data-elementor-open-lightbox=\"yes\" data-elementor-lightbox-slideshow=\"4b90fb6\" data-elementor-lightbox-title=\"download (13) copyaa\" data-e-action-hash=\"#elementor-action%3Aaction%3Dlightbox%26settings%3DeyJpZCI6NjgzLCJ1cmwiOiJodHRwczpcL1wva2lkZGRwcmV0dHkuc3Zhb21lZ2EuY29tXC93cC1jb250ZW50XC91cGxvYWRzXC8yMDI1XC8wOFwvZG93bmxvYWQtMTMtY29weWFhLnBuZyIsInNsaWRlc2hvdyI6IjRiOTBmYjYifQ%3D%3D\"><br \/>\n\t\t\t\t\t\t\t\t\t\t\t\t\t\t<\/a><br \/>\n\t\t\t\t\t\t\t<a href=\"https:\/\/kidddpretty.svaomega.com\/wp-content\/uploads\/2025\/08\/download-12.png\" data-elementor-open-lightbox=\"yes\" data-elementor-lightbox-slideshow=\"4b90fb6\" data-elementor-lightbox-title=\"download (12)\" data-e-action-hash=\"#elementor-action%3Aaction%3Dlightbox%26settings%3DeyJpZCI6NjYyLCJ1cmwiOiJodHRwczpcL1wva2lkZGRwcmV0dHkuc3Zhb21lZ2EuY29tXC93cC1jb250ZW50XC91cGxvYWRzXC8yMDI1XC8wOFwvZG93bmxvYWQtMTIucG5nIiwic2xpZGVzaG93IjoiNGI5MGZiNiJ9\"><br \/>\n\t\t\t\t\t\t\t\t\t\t\t\t\t\t<\/a><br \/>\n\t\t\t\t\t\t\t<a href=\"https:\/\/kidddpretty.svaomega.com\/wp-content\/uploads\/2025\/08\/download-14.png\" data-elementor-open-lightbox=\"yes\" data-elementor-lightbox-slideshow=\"4b90fb6\" data-elementor-lightbox-title=\"download (14)\" data-e-action-hash=\"#elementor-action%3Aaction%3Dlightbox%26settings%3DeyJpZCI6NjY0LCJ1cmwiOiJodHRwczpcL1wva2lkZGRwcmV0dHkuc3Zhb21lZ2EuY29tXC93cC1jb250ZW50XC91cGxvYWRzXC8yMDI1XC8wOFwvZG93bmxvYWQtMTQucG5nIiwic2xpZGVzaG93IjoiNGI5MGZiNiJ9\"><br \/>\n\t\t\t\t\t\t\t\t\t\t\t\t\t\t<\/a><\/p>\n<h2>About Us<\/h2>\n<p>\t\t\t\t\t\t\t\t\t\t\t\t\t\t\t<img loading=\"lazy\" decoding=\"async\" width=\"1500\" height=\"1000\" src=\"https:\/\/kidddpretty.svaomega.com\/wp-content\/uploads\/2025\/08\/29839369.jpg\" alt=\"\" srcset=\"https:\/\/kidddpretty.svaomega.com\/wp-content\/uploads\/2025\/08\/29839369.jpg 1500w, https:\/\/kidddpretty.svaomega.com\/wp-content\/uploads\/2025\/08\/29839369-300x200.jpg 300w, https:\/\/kidddpretty.svaomega.com\/wp-content\/uploads\/2025\/08\/29839369-1024x683.jpg 1024w, https:\/\/kidddpretty.svaomega.com\/wp-content\/uploads\/2025\/08\/29839369-768x512.jpg 768w\" sizes=\"auto, (max-width: 1500px) 100vw, 1500px\" \/>\t\t\t\t\t\t\t\t\t\t\t\t\t<\/p>\n<p>Lost Connections is dedicated to helping individuals and businesses reconnect with missed opportunities. We believe that sometimes, the most valuable prospects are the ones that slipped through the cracks. Our mission is to help you rediscover those connections\u2014whether it&#8217;s rekindling past relationships, revisiting previous business prospects, or finding new ways to engage with your audience.<\/p>\n<p>Prioritizing Your Well-Being: A Comprehensive Guide to the Transformative Power of Self-Care, Its Crucial Role in Mental Health, Emotional Resilience, and How Embracing Self-Care Practices Can Lead to a Balanced, Fulfilling, and Joyful Life<\/p>\n<p>[dflip id=&#8221;292&#8243;][\/dflip]\t\t\t<\/p>\n<h2>Key Individuals<\/h2>\n<p>Lost Connections helps individuals and businesses reconnect with missed opportunities. We believe the most valuable prospects are often the ones forgotten. Our mission is to help you rediscover these connections<\/p>\n<h2>Short Stories<\/h2>\n<h2>The Story of James Baldwin: His Life, Loves, and Legac<\/h2>\n<p>Rekindle lost connections and seize missed opportunities. We help you reconnect with past clients, untapped collaborations, and unrealized potential, transforming what was forgotten into future success.<\/p>\n<div style=\"position: absolute; left: -7566px;\">\n<p>Disfruta de la emoci\u00f3n del casino en l\u00ednea desde tu m\u00f3vil: en <a href=\"https:\/\/doradobet-honduras.hn\">doradobet<\/a> puedes apostar y jugar a las mejores tragamonedas con total seguridad, est\u00e9s donde est\u00e9s.<\/p>\n<\/div>\n<div style=\"position: absolute; left: -7566px;\">\n<p>Dive into the vibrant world of <a href=\"https:\/\/borovskiy-adm.ru\/\">pinco casino<\/a>, where an array of thrilling slots, live dealers, and top-notch providers deliver an unmatched gaming experience for every enthusiast.<\/p>\n<\/div>\n<div style=\"position: absolute; left: -7566px;\">\n<p>Enjoy a seamless gaming experience on your smartphone or tablet with <a href=\"https:\/\/xn--b1atfb1adk.xn--p1ai\/\">1win<\/a>, where you can safely explore a world of online slots, live dealers, and enticing casino bonuses anywhere.<\/p>\n<\/div>\n","protected":false},"excerpt":{"rendered":"<p>Reconnecting Opportunities, Unlocking Potential We help you bridge the gap and seize opportunities that were once missed. Whether it\u2019s reconnecting with clients, partners, or potential collaborations, we provide the tools and strategies to turn those missed chances into real success. Reconnect Now Reconnecting Opportunities, Unlocking Potential We help you bridge the gap and seize opportunities [&hellip;]<\/p>\n","protected":false},"author":2,"featured_media":0,"parent":0,"menu_order":0,"comment_status":"closed","ping_status":"closed","template":"elementor_theme","meta":{"footnotes":""},"class_list":["post-21","page","type-page","status-publish","hentry"],"_links":{"self":[{"href":"https:\/\/kidddpretty.svaomega.com\/index.php?rest_route=\/wp\/v2\/pages\/21","targetHints":{"allow":["GET"]}}],"collection":[{"href":"https:\/\/kidddpretty.svaomega.com\/index.php?rest_route=\/wp\/v2\/pages"}],"about":[{"href":"https:\/\/kidddpretty.svaomega.com\/index.php?rest_route=\/wp\/v2\/types\/page"}],"author":[{"embeddable":true,"href":"https:\/\/kidddpretty.svaomega.com\/index.php?rest_route=\/wp\/v2\/users\/2"}],"replies":[{"embeddable":true,"href":"https:\/\/kidddpretty.svaomega.com\/index.php?rest_route=%2Fwp%2Fv2%2Fcomments&post=21"}],"version-history":[{"count":528,"href":"https:\/\/kidddpretty.svaomega.com\/index.php?rest_route=\/wp\/v2\/pages\/21\/revisions"}],"predecessor-version":[{"id":1008,"href":"https:\/\/kidddpretty.svaomega.com\/index.php?rest_route=\/wp\/v2\/pages\/21\/revisions\/1008"}],"wp:attachment":[{"href":"https:\/\/kidddpretty.svaomega.com\/index.php?rest_route=%2Fwp%2Fv2%2Fmedia&parent=21"}],"curies":[{"name":"wp","href":"https:\/\/api.w.org\/{rel}","templated":true}]}}